{"id":6803,"date":"2019-08-02T06:55:22","date_gmt":"2019-08-02T04:55:22","guid":{"rendered":"https:\/\/avesnature.com.pl\/services\/nadzor-przyrodniczy\/"},"modified":"2021-07-20T12:08:44","modified_gmt":"2021-07-20T10:08:44","slug":"environmental-supervision","status":"publish","type":"page","link":"https:\/\/avesnature.com.pl\/en\/services\/environmental-supervision\/","title":{"rendered":"Environmental supervision"},"content":{"rendered":"<div class=\"flex_column av_one_full  flex_column_div av-zero-column-padding first  avia-builder-el-0  el_before_av_two_third  avia-builder-el-first  \" style='border-radius:0px; '><section class=\"av_textblock_section \"  itemscope=\"itemscope\" itemtype=\"https:\/\/schema.org\/CreativeWork\" ><div class='avia_textblock  '   itemprop=\"text\" ><h1>Environmental supervision<\/h1>\n<\/div><\/section><\/div>\n<div class=\"flex_column av_two_third  flex_column_div av-zero-column-padding first  avia-builder-el-2  el_after_av_one_full  el_before_av_one_third  column-top-margin\" style='border-radius:0px; '><section class=\"av_textblock_section \"  itemscope=\"itemscope\" itemtype=\"https:\/\/schema.org\/CreativeWork\" ><div class='avia_textblock  '   itemprop=\"text\" ><div class=\"grid-100 mobile-grid-100\">\n<div class=\"txt grid-70 mobile-grid-100 texts\">\n<h2>What do we offer?<\/h2>\n<p>We provide comprehensive environmental supervision services for construction projects. Thanks to this, investments carried out under the supervision of <a href=\"https:\/\/avesnature.com.pl\/en\/experts\/\">our team<\/a> proceed in a conflict-free manner and minimize the potentially negative impact of the project on the environment.<\/p>\n<\/div>\n<\/div>\n<div class=\"txt grid-100 mobile-grid-100 texts\">\n<h2>Why is it so important?<\/h2>\n<p>The aim of our team is to ensure that the implementation of the project does not cause <a href=\"https:\/\/www.google.com\/url?sa=t&amp;rct=j&amp;q=&amp;esrc=s&amp;source=web&amp;cd=3&amp;cad=rja&amp;uact=8&amp;ved=2ahUKEwjCoJbK5-PjAhXJI1AKHbqoDo0QFjACegQIBRAB&amp;url=http%3A%2F%2Fprawo.sejm.gov.pl%2Fisap.nsf%2FDocDetails.xsp%3Fid%3DWDU20160002183&amp;usg=AOvVaw1EJ5Pk38IsCO_w4fwlNn3a\">damage to the environment<\/a>, and thus possible criminal consequences for the investor. Usually, such damage is unintentional and results from ignorance of field workers. Hence, the presence of competent and good environmental supervision allows to avoid such situations.<\/p>\n<h2>Our experience<\/h2>\n<p>We have been supervising all kinds of construction projects throughout the country for over 10 years. From small projects such as greenery felling or buildings, through the service of industrial plants to road investments.<\/p>\n<h2>How much does environmental supervision cost?<\/h2>\n<p>The cost of environmental supervision depends on many aspects, including scope and duration of the works. For this reason, estimation is done separately for each project. The price of environmental supervision usually ranges from several hundred zlotys to several thousand zlotys a month.<\/p>\n<p><strong><em>Ask about the cost of environmental supervision &#8211; free estimate.<\/em><\/strong><\/p>\n<\/div>\n<\/div><\/section><br \/>\n<div  class='hr hr-default   avia-builder-el-4  el_after_av_textblock  avia-builder-el-last '><span class='hr-inner ' ><span class='hr-inner-style'><\/span><\/span><\/div><\/p><\/div><div class=\"flex_column av_one_third  flex_column_div av-zero-column-padding   avia-builder-el-5  el_after_av_two_third  avia-builder-el-last  column-top-margin\" style='border-radius:0px; '><div class='avia-image-container avia_animated_image avia_animate_when_almost_visible fade-in av-styling-    avia-builder-el-6  avia-builder-el-no-sibling   avia-align- '  itemprop=\"image\" itemscope=\"itemscope\" itemtype=\"https:\/\/schema.org\/ImageObject\"  ><div class='avia-image-container-inner'><div class='avia-image-overlay-wrap'><a href='https:\/\/avesnature.com.pl\/wp-content\/uploads\/budowa-nadzor-przyrodniczy-1030x687.jpg' class='avia_image'  ><img class='avia_image ' src='https:\/\/avesnature.com.pl\/wp-content\/uploads\/budowa-nadzor-przyrodniczy-495x400.jpg' alt='road construction bulldozer environmental supervision' title='road construction bulldozer environmental supervision'  itemprop=\"thumbnailUrl\"  \/><\/a><\/div><\/div><\/div><\/div><\/p>\n","protected":false},"excerpt":{"rendered":"<p>Niekt\u00f3re inwestycje wymagaj\u0105 sta\u0142ej obecno\u015bci eksperta przyrodnika podczas realizacji, tj. nadzoru przyrodniczego. S\u0105 to na przyk\u0142ad budowa dr\u00f3g i wycinka drzew, roboty ziemne i melioracje oraz wiele innych.<\/p>\n","protected":false},"author":3,"featured_media":0,"parent":6703,"menu_order":0,"comment_status":"closed","ping_status":"closed","template":"","meta":{"footnotes":""},"class_list":["post-6803","page","type-page","status-publish","hentry"],"yoast_head":"<!-- This site is optimized with the Yoast SEO Premium plugin v23.6 (Yoast SEO v26.9) - https:\/\/yoast.com\/product\/yoast-seo-premium-wordpress\/ -->\n<title>Environmental supervision | AvesNature<\/title>\n<meta name=\"description\" content=\"Environmental supervision for construction projects. Are you building or renovating a road, planning tree felling? We provide comprehensive environmental services.\" \/>\n<meta name=\"robots\" content=\"index, follow, max-snippet:-1, max-image-preview:large, max-video-preview:-1\" \/>\n<link rel=\"canonical\" href=\"https:\/\/avesnature.com.pl\/en\/services\/environmental-supervision\/\" \/>\n<meta property=\"og:locale\" content=\"en_US\" \/>\n<meta property=\"og:type\" content=\"article\" \/>\n<meta property=\"og:title\" content=\"Environmental supervision\" \/>\n<meta property=\"og:description\" content=\"Environmental supervision for construction projects. Are you building or renovating a road, planning tree felling? We provide comprehensive environmental services.\" \/>\n<meta property=\"og:url\" content=\"https:\/\/avesnature.com.pl\/en\/services\/environmental-supervision\/\" \/>\n<meta property=\"og:site_name\" content=\"AvesNature\" \/>\n<meta property=\"article:publisher\" content=\"https:\/\/www.facebook.com\/Avesnature-biuro-bada%c5%84-i-ekspertyz-%c5%9brodowiskowych-345281552495651\" \/>\n<meta property=\"article:modified_time\" content=\"2021-07-20T10:08:44+00:00\" \/>\n<meta property=\"og:image\" content=\"https:\/\/avesnature.com.pl\/wp-content\/uploads\/2019\/06\/wpis-drugi.jpg\" \/>\n\t<meta property=\"og:image:width\" content=\"379\" \/>\n\t<meta property=\"og:image:height\" content=\"243\" \/>\n\t<meta property=\"og:image:type\" content=\"image\/jpeg\" \/>\n<meta name=\"twitter:card\" content=\"summary_large_image\" \/>\n<meta name=\"twitter:label1\" content=\"Est. reading time\" \/>\n\t<meta name=\"twitter:data1\" content=\"4 minutes\" \/>\n<!-- \/ Yoast SEO Premium plugin. -->","yoast_head_json":{"title":"Environmental supervision | AvesNature","description":"Environmental supervision for construction projects. Are you building or renovating a road, planning tree felling? We provide comprehensive environmental services.","robots":{"index":"index","follow":"follow","max-snippet":"max-snippet:-1","max-image-preview":"max-image-preview:large","max-video-preview":"max-video-preview:-1"},"canonical":"https:\/\/avesnature.com.pl\/en\/services\/environmental-supervision\/","og_locale":"en_US","og_type":"article","og_title":"Environmental supervision","og_description":"Environmental supervision for construction projects. Are you building or renovating a road, planning tree felling? We provide comprehensive environmental services.","og_url":"https:\/\/avesnature.com.pl\/en\/services\/environmental-supervision\/","og_site_name":"AvesNature","article_publisher":"https:\/\/www.facebook.com\/Avesnature-biuro-bada%c5%84-i-ekspertyz-%c5%9brodowiskowych-345281552495651","article_modified_time":"2021-07-20T10:08:44+00:00","og_image":[{"width":379,"height":243,"url":"https:\/\/avesnature.com.pl\/wp-content\/uploads\/2019\/06\/wpis-drugi.jpg","type":"image\/jpeg"}],"twitter_card":"summary_large_image","twitter_misc":{"Est. reading time":"4 minutes"},"schema":{"@context":"https:\/\/schema.org","@graph":[{"@type":"WebPage","@id":"https:\/\/avesnature.com.pl\/en\/services\/environmental-supervision\/","url":"https:\/\/avesnature.com.pl\/en\/services\/environmental-supervision\/","name":"Environmental supervision | AvesNature","isPartOf":{"@id":"https:\/\/avesnature.com.pl\/#website"},"datePublished":"2019-08-02T04:55:22+00:00","dateModified":"2021-07-20T10:08:44+00:00","description":"Environmental supervision for construction projects. Are you building or renovating a road, planning tree felling? We provide comprehensive environmental services.","breadcrumb":{"@id":"https:\/\/avesnature.com.pl\/en\/services\/environmental-supervision\/#breadcrumb"},"inLanguage":"en-US","potentialAction":[{"@type":"ReadAction","target":["https:\/\/avesnature.com.pl\/en\/services\/environmental-supervision\/"]}]},{"@type":"BreadcrumbList","@id":"https:\/\/avesnature.com.pl\/en\/services\/environmental-supervision\/#breadcrumb","itemListElement":[{"@type":"ListItem","position":1,"name":"Home","item":"https:\/\/avesnature.com.pl\/en\/strona-glowna\/"},{"@type":"ListItem","position":2,"name":"Services","item":"https:\/\/avesnature.com.pl\/en\/services\/"},{"@type":"ListItem","position":3,"name":"Environmental supervision"}]},{"@type":"WebSite","@id":"https:\/\/avesnature.com.pl\/#website","url":"https:\/\/avesnature.com.pl\/","name":"AvesNature","description":"","publisher":{"@id":"https:\/\/avesnature.com.pl\/#organization"},"potentialAction":[{"@type":"SearchAction","target":{"@type":"EntryPoint","urlTemplate":"https:\/\/avesnature.com.pl\/?s={search_term_string}"},"query-input":{"@type":"PropertyValueSpecification","valueRequired":true,"valueName":"search_term_string"}}],"inLanguage":"en-US"},{"@type":"Organization","@id":"https:\/\/avesnature.com.pl\/#organization","name":"AvesNature","url":"https:\/\/avesnature.com.pl\/","logo":{"@type":"ImageObject","inLanguage":"en-US","@id":"https:\/\/avesnature.com.pl\/#\/schema\/logo\/image\/","url":"https:\/\/avesnature.com.pl\/wp-content\/uploads\/logo-avesnature.jpg","contentUrl":"https:\/\/avesnature.com.pl\/wp-content\/uploads\/logo-avesnature.jpg","width":134,"height":84,"caption":"AvesNature"},"image":{"@id":"https:\/\/avesnature.com.pl\/#\/schema\/logo\/image\/"},"sameAs":["https:\/\/www.facebook.com\/Avesnature-biuro-bada\u0144-i-ekspertyz-\u015brodowiskowych-345281552495651"]}]}},"_links":{"self":[{"href":"https:\/\/avesnature.com.pl\/en\/wp-json\/wp\/v2\/pages\/6803","targetHints":{"allow":["GET"]}}],"collection":[{"href":"https:\/\/avesnature.com.pl\/en\/wp-json\/wp\/v2\/pages"}],"about":[{"href":"https:\/\/avesnature.com.pl\/en\/wp-json\/wp\/v2\/types\/page"}],"author":[{"embeddable":true,"href":"https:\/\/avesnature.com.pl\/en\/wp-json\/wp\/v2\/users\/3"}],"replies":[{"embeddable":true,"href":"https:\/\/avesnature.com.pl\/en\/wp-json\/wp\/v2\/comments?post=6803"}],"version-history":[{"count":5,"href":"https:\/\/avesnature.com.pl\/en\/wp-json\/wp\/v2\/pages\/6803\/revisions"}],"predecessor-version":[{"id":7730,"href":"https:\/\/avesnature.com.pl\/en\/wp-json\/wp\/v2\/pages\/6803\/revisions\/7730"}],"up":[{"embeddable":true,"href":"https:\/\/avesnature.com.pl\/en\/wp-json\/wp\/v2\/pages\/6703"}],"wp:attachment":[{"href":"https:\/\/avesnature.com.pl\/en\/wp-json\/wp\/v2\/media?parent=6803"}],"curies":[{"name":"wp","href":"https:\/\/api.w.org\/{rel}","templated":true}]}}