{"id":6761,"date":"2019-08-02T18:44:10","date_gmt":"2019-08-02T16:44:10","guid":{"rendered":"https:\/\/avesnature.com.pl\/experts\/entomolog\/"},"modified":"2021-07-20T12:06:29","modified_gmt":"2021-07-20T10:06:29","slug":"entomologist","status":"publish","type":"page","link":"https:\/\/avesnature.com.pl\/en\/experts\/entomologist\/","title":{"rendered":"Entomologist"},"content":{"rendered":"<div class=\"flex_column av_one_full  flex_column_div av-zero-column-padding first  avia-builder-el-0  el_before_av_two_third  avia-builder-el-first  \" style='border-radius:0px; '><section class=\"av_textblock_section \"  itemscope=\"itemscope\" itemtype=\"https:\/\/schema.org\/CreativeWork\" ><div class='avia_textblock  '   itemprop=\"text\" ><h1>Entomologist<\/h1>\n<\/div><\/section><\/div>\n<div class=\"flex_column av_two_third  flex_column_div av-zero-column-padding first  avia-builder-el-2  el_after_av_one_full  el_before_av_one_third  column-top-margin\" style='border-radius:0px; '><section class=\"av_textblock_section \"  itemscope=\"itemscope\" itemtype=\"https:\/\/schema.org\/CreativeWork\" ><div class='avia_textblock  '   itemprop=\"text\" ><h2>Entomologist &#8211; who is it?<\/h2>\n<p><span style=\"font-weight: 400;\">The entomologist is a specialist in insects, but also in other invertebrates (e.g. arachnids, molluscs). Because of the enormous variety of animals he deals with, he uses a great number of inventory <\/span><a href=\"https:\/\/pl.khanacademy.org\/partner-content\/cas-biodiversity\/how-is-biodiversity-studied\/biodiversity-fieldwork\/a\/how-entomologists-catch-insects-spiders-and-other-creepy-crawlies\">techniques<\/a><span style=\"font-weight: 400;\">. These include direct observation and trapping (intravital), capturing in entomological nets and searching for larval stages. In addition, searches for host plants and sampling from the bottom of water bodies and much more. As can be seen, the work of an entomologist is certainly varied and interesting at the same time.<\/span><\/p>\n<h2>What kind of insects does an entomologist deal with?<\/h2>\n<p>Insects are the most numerous group of animals. In addition to terrestrial species, specialists also study those found in aquatic environments. In addition to common species such as butterflies, bees or ants. Due to the great diversity (there are more than one million documented and described species worldwide), the entomologist has a really broad knowledge of these specific creatures.<\/p>\n<h2>What does an entomologist do?<\/h2>\n<p><span style=\"font-weight: 400;\">The result of an entomologist&#8217;s work is an inventory study of a given area. His work is indispensable in complex <\/span><a href=\"https:\/\/avesnature.com.pl\/en\/services\/ecological-survey\/\">ecological surveys<\/a><span style=\"font-weight: 400;\"> and during the implementation of environmental supervision. In the course of nature surveillance, the entomologist takes part, among other things, in relocating protected insect sites and preparing substitute habitats. Such measures are applied, for example, to the oak woodpecker, or more frequently, to ant nests (relocation of anthills).<\/span><\/p>\n<h2>What tools does an entomologist use?<\/h2>\n<p><span style=\"font-weight: 400;\">It is essential to be equipped with an entomological net. The size should be adapted to the specifications of the activity to be performed. Another essential item in an entomologist&#8217;s work is a set of marking keys. These are specialized books containing guidelines for the determination of many, very similar and difficult to identify species. They contain specialized descriptions, photographs or drawings. They serve as a handy knowledge base for any specialist. The entomologist also relies on an entomological binocular when marking very small specimens that are difficult to see with the naked eye. <\/span><\/p>\n<\/div><\/section><br \/>\n<div  class='hr hr-default   avia-builder-el-4  el_after_av_textblock  avia-builder-el-last '><span class='hr-inner ' ><span class='hr-inner-style'><\/span><\/span><\/div><\/p><\/div><div class=\"flex_column av_one_third  flex_column_div av-zero-column-padding   avia-builder-el-5  el_after_av_two_third  avia-builder-el-last  column-top-margin\" style='border-radius:0px; '><p><div class='avia-image-container avia_animated_image avia_animate_when_almost_visible fade-in av-styling-    avia-builder-el-6  el_before_av_hr  avia-builder-el-first   avia-align-center '  itemprop=\"image\" itemscope=\"itemscope\" itemtype=\"https:\/\/schema.org\/ImageObject\"  ><div class='avia-image-container-inner'><div class='avia-image-overlay-wrap'><a href='https:\/\/avesnature.com.pl\/wp-content\/uploads\/laka-czlowiek-entomolog-e1567321891713-773x1030.jpg' class='avia_image'  ><img class='avia_image ' src='https:\/\/avesnature.com.pl\/wp-content\/uploads\/laka-czlowiek-entomolog-e1567321891713-495x400.jpg' alt='entomologist sitting on a meadow' title='entomologist sitting on a meadow'  itemprop=\"thumbnailUrl\"  \/><\/a><\/div><\/div><\/div><br \/>\n<div  class='hr hr-default   avia-builder-el-7  el_after_av_image  el_before_av_textblock '><span class='hr-inner ' ><span class='hr-inner-style'><\/span><\/span><\/div><br \/>\n<section class=\"av_textblock_section \"  itemscope=\"itemscope\" itemtype=\"https:\/\/schema.org\/CreativeWork\" ><div class='avia_textblock  '   itemprop=\"text\" ><h2>Entomologist services<\/h2>\n<p>Our entomologist will help you realize:<\/p>\n<ul>\n<li><a href=\"https:\/\/avesnature.com.pl\/en\/services\/ecological-survey\/\">Ecological survey<\/a><\/li>\n<li><a href=\"https:\/\/avesnature.com.pl\/en\/services\/environmental-impact-assesment\/\">Environmental impact assessment <\/a><\/li>\n<li><a href=\"https:\/\/avesnature.com.pl\/en\/services\/inventory-of-green-spaces\/\">Inventory of green spaces<\/a><\/li>\n<li><a href=\"https:\/\/avesnature.com.pl\/en\/services\/environmental-monitoring\/\">Environmental monitoring<\/a><\/li>\n<li><a href=\"https:\/\/avesnature.com.pl\/en\/services\/environmental-valuation\/\">Environmental valuation<\/a><\/li>\n<li><a href=\"https:\/\/avesnature.com.pl\/en\/services\/environmental-compensation\/\">Environmental compensation<\/a><\/li>\n<\/ul>\n<\/div><\/section><\/p><\/div><\/p>\n","protected":false},"excerpt":{"rendered":"<p>Specjalista od owad\u00f3w i innych bezkr\u0119gowc\u00f3w. Niezb\u0119dny podczas nadzor\u00f3w i przy inwentaryzacjach przyrodniczych.<\/p>\n","protected":false},"author":3,"featured_media":7337,"parent":6715,"menu_order":0,"comment_status":"closed","ping_status":"closed","template":"","meta":{"footnotes":""},"class_list":["post-6761","page","type-page","status-publish","has-post-thumbnail","hentry"],"yoast_head":"<!-- This site is optimized with the Yoast SEO Premium plugin v23.6 (Yoast SEO v26.9) - https:\/\/yoast.com\/product\/yoast-seo-premium-wordpress\/ -->\n<title>Entomologist | AvesNature<\/title>\n<meta name=\"description\" content=\"Are you making an investment? Need an entomologist? Order from us! Professional service and competitive rates. Entomologist, over 20 years of experience.\" \/>\n<meta name=\"robots\" content=\"index, follow, max-snippet:-1, max-image-preview:large, max-video-preview:-1\" \/>\n<link rel=\"canonical\" href=\"https:\/\/avesnature.com.pl\/en\/experts\/entomologist\/\" \/>\n<meta property=\"og:locale\" content=\"en_US\" \/>\n<meta property=\"og:type\" content=\"article\" \/>\n<meta property=\"og:title\" content=\"Entomologist\" \/>\n<meta property=\"og:description\" content=\"Are you making an investment? Need an entomologist? Order from us! Professional service and competitive rates. Entomologist, over 20 years of experience.\" \/>\n<meta property=\"og:url\" content=\"https:\/\/avesnature.com.pl\/en\/experts\/entomologist\/\" \/>\n<meta property=\"og:site_name\" content=\"AvesNature\" \/>\n<meta property=\"article:publisher\" content=\"https:\/\/www.facebook.com\/Avesnature-biuro-bada%c5%84-i-ekspertyz-%c5%9brodowiskowych-345281552495651\" \/>\n<meta property=\"article:modified_time\" content=\"2021-07-20T10:06:29+00:00\" \/>\n<meta property=\"og:image\" content=\"https:\/\/avesnature.com.pl\/wp-content\/uploads\/laka-czlowiek-entomolog-e1567321891713-773x1030.jpg\" \/>\n\t<meta property=\"og:image:width\" content=\"773\" \/>\n\t<meta property=\"og:image:height\" content=\"1030\" \/>\n\t<meta property=\"og:image:type\" content=\"image\/jpeg\" \/>\n<meta name=\"twitter:card\" content=\"summary_large_image\" \/>\n<meta name=\"twitter:label1\" content=\"Est. reading time\" \/>\n\t<meta name=\"twitter:data1\" content=\"5 minutes\" \/>\n<!-- \/ Yoast SEO Premium plugin. -->","yoast_head_json":{"title":"Entomologist | AvesNature","description":"Are you making an investment? Need an entomologist? Order from us! Professional service and competitive rates. Entomologist, over 20 years of experience.","robots":{"index":"index","follow":"follow","max-snippet":"max-snippet:-1","max-image-preview":"max-image-preview:large","max-video-preview":"max-video-preview:-1"},"canonical":"https:\/\/avesnature.com.pl\/en\/experts\/entomologist\/","og_locale":"en_US","og_type":"article","og_title":"Entomologist","og_description":"Are you making an investment? Need an entomologist? Order from us! Professional service and competitive rates. Entomologist, over 20 years of experience.","og_url":"https:\/\/avesnature.com.pl\/en\/experts\/entomologist\/","og_site_name":"AvesNature","article_publisher":"https:\/\/www.facebook.com\/Avesnature-biuro-bada%c5%84-i-ekspertyz-%c5%9brodowiskowych-345281552495651","article_modified_time":"2021-07-20T10:06:29+00:00","og_image":[{"width":773,"height":1030,"url":"https:\/\/avesnature.com.pl\/wp-content\/uploads\/laka-czlowiek-entomolog-e1567321891713-773x1030.jpg","type":"image\/jpeg"}],"twitter_card":"summary_large_image","twitter_misc":{"Est. reading time":"5 minutes"},"schema":{"@context":"https:\/\/schema.org","@graph":[{"@type":"WebPage","@id":"https:\/\/avesnature.com.pl\/en\/experts\/entomologist\/","url":"https:\/\/avesnature.com.pl\/en\/experts\/entomologist\/","name":"Entomologist | AvesNature","isPartOf":{"@id":"https:\/\/avesnature.com.pl\/#website"},"primaryImageOfPage":{"@id":"https:\/\/avesnature.com.pl\/en\/experts\/entomologist\/#primaryimage"},"image":{"@id":"https:\/\/avesnature.com.pl\/en\/experts\/entomologist\/#primaryimage"},"thumbnailUrl":"https:\/\/avesnature.com.pl\/wp-content\/uploads\/laka-czlowiek-entomolog-e1567321891713.jpg","datePublished":"2019-08-02T16:44:10+00:00","dateModified":"2021-07-20T10:06:29+00:00","description":"Are you making an investment? Need an entomologist? Order from us! Professional service and competitive rates. Entomologist, over 20 years of experience.","breadcrumb":{"@id":"https:\/\/avesnature.com.pl\/en\/experts\/entomologist\/#breadcrumb"},"inLanguage":"en-US","potentialAction":[{"@type":"ReadAction","target":["https:\/\/avesnature.com.pl\/en\/experts\/entomologist\/"]}]},{"@type":"ImageObject","inLanguage":"en-US","@id":"https:\/\/avesnature.com.pl\/en\/experts\/entomologist\/#primaryimage","url":"https:\/\/avesnature.com.pl\/wp-content\/uploads\/laka-czlowiek-entomolog-e1567321891713.jpg","contentUrl":"https:\/\/avesnature.com.pl\/wp-content\/uploads\/laka-czlowiek-entomolog-e1567321891713.jpg","width":3024,"height":4032,"caption":"entomologist sitting on a meadow"},{"@type":"BreadcrumbList","@id":"https:\/\/avesnature.com.pl\/en\/experts\/entomologist\/#breadcrumb","itemListElement":[{"@type":"ListItem","position":1,"name":"Home","item":"https:\/\/avesnature.com.pl\/en\/strona-glowna\/"},{"@type":"ListItem","position":2,"name":"Experts","item":"https:\/\/avesnature.com.pl\/en\/experts\/"},{"@type":"ListItem","position":3,"name":"Entomologist"}]},{"@type":"WebSite","@id":"https:\/\/avesnature.com.pl\/#website","url":"https:\/\/avesnature.com.pl\/","name":"AvesNature","description":"","publisher":{"@id":"https:\/\/avesnature.com.pl\/#organization"},"potentialAction":[{"@type":"SearchAction","target":{"@type":"EntryPoint","urlTemplate":"https:\/\/avesnature.com.pl\/?s={search_term_string}"},"query-input":{"@type":"PropertyValueSpecification","valueRequired":true,"valueName":"search_term_string"}}],"inLanguage":"en-US"},{"@type":"Organization","@id":"https:\/\/avesnature.com.pl\/#organization","name":"AvesNature","url":"https:\/\/avesnature.com.pl\/","logo":{"@type":"ImageObject","inLanguage":"en-US","@id":"https:\/\/avesnature.com.pl\/#\/schema\/logo\/image\/","url":"https:\/\/avesnature.com.pl\/wp-content\/uploads\/logo-avesnature.jpg","contentUrl":"https:\/\/avesnature.com.pl\/wp-content\/uploads\/logo-avesnature.jpg","width":134,"height":84,"caption":"AvesNature"},"image":{"@id":"https:\/\/avesnature.com.pl\/#\/schema\/logo\/image\/"},"sameAs":["https:\/\/www.facebook.com\/Avesnature-biuro-bada\u0144-i-ekspertyz-\u015brodowiskowych-345281552495651"]}]}},"_links":{"self":[{"href":"https:\/\/avesnature.com.pl\/en\/wp-json\/wp\/v2\/pages\/6761","targetHints":{"allow":["GET"]}}],"collection":[{"href":"https:\/\/avesnature.com.pl\/en\/wp-json\/wp\/v2\/pages"}],"about":[{"href":"https:\/\/avesnature.com.pl\/en\/wp-json\/wp\/v2\/types\/page"}],"author":[{"embeddable":true,"href":"https:\/\/avesnature.com.pl\/en\/wp-json\/wp\/v2\/users\/3"}],"replies":[{"embeddable":true,"href":"https:\/\/avesnature.com.pl\/en\/wp-json\/wp\/v2\/comments?post=6761"}],"version-history":[{"count":8,"href":"https:\/\/avesnature.com.pl\/en\/wp-json\/wp\/v2\/pages\/6761\/revisions"}],"predecessor-version":[{"id":7847,"href":"https:\/\/avesnature.com.pl\/en\/wp-json\/wp\/v2\/pages\/6761\/revisions\/7847"}],"up":[{"embeddable":true,"href":"https:\/\/avesnature.com.pl\/en\/wp-json\/wp\/v2\/pages\/6715"}],"wp:featuredmedia":[{"embeddable":true,"href":"https:\/\/avesnature.com.pl\/en\/wp-json\/wp\/v2\/media\/7337"}],"wp:attachment":[{"href":"https:\/\/avesnature.com.pl\/en\/wp-json\/wp\/v2\/media?parent=6761"}],"curies":[{"name":"wp","href":"https:\/\/api.w.org\/{rel}","templated":true}]}}