{"id":6670,"date":"2021-06-24T17:23:23","date_gmt":"2021-06-24T15:23:23","guid":{"rendered":"https:\/\/avesnature.com.pl\/?page_id=6670"},"modified":"2021-08-19T08:27:33","modified_gmt":"2021-08-19T06:27:33","slug":"contact","status":"publish","type":"page","link":"https:\/\/avesnature.com.pl\/en\/contact\/","title":{"rendered":"Contact"},"content":{"rendered":"<div class=\"flex_column av_one_full  flex_column_div av-zero-column-padding first  avia-builder-el-0  el_before_av_one_full  avia-builder-el-first  \" style='border-radius:0px; '><div style='padding-bottom:10px; ' class='av-special-heading av-special-heading-h1    avia-builder-el-1  avia-builder-el-no-sibling  h1-contact '><h1 class='av-special-heading-tag '  itemprop=\"headline\"  ><span id=\"contact-anchor\">Contact<\/span><\/h1><div class='special-heading-border'><div class='special-heading-inner-border' ><\/div><\/div><\/div><\/div>\n<div class=\"flex_column av_one_full  flex_column_div av-zero-column-padding first  avia-builder-el-2  el_after_av_one_full  el_before_av_one_half  column-top-margin\" style='border-radius:0px; '><\/div>\n<div class=\"flex_column av_one_half  flex_column_div av-zero-column-padding first  avia-builder-el-3  el_after_av_one_full  el_before_av_one_half  column-top-margin\" style='border-radius:0px; '><p><div style='padding-bottom:10px; ' class='av-special-heading av-special-heading-h3    avia-builder-el-4  el_before_av_codeblock  avia-builder-el-first   '><h3 class='av-special-heading-tag '  itemprop=\"headline\"  >Find a representative<\/h3><div class='special-heading-border'><div class='special-heading-inner-border' ><\/div><\/div><\/div><br \/>\n<br \/>\n<section class=\"av_textblock_section \"  itemscope=\"itemscope\" itemtype=\"https:\/\/schema.org\/CreativeWork\" ><div class='avia_textblock  '  style='font-size:16px; '  itemprop=\"text\" ><p><strong>Select your voivodeship to see contact details for your regional representative:<\/strong><\/p>\n<\/div><\/section><br \/>\n<section class=\"av_textblock_section \"  itemscope=\"itemscope\" itemtype=\"https:\/\/schema.org\/CreativeWork\" ><div class='avia_textblock  '   itemprop=\"text\" ><p><code><div id=\"ipm_type_400\"><ul id=\"w\" class=\"ukryta\"><li id=\"w1\"><a href=\"javascript:change_person(1, `Lower Silesia:`)\" title=\"Lower Silesia\">Lower Silesia<\/a><\/li><li id=\"w2\"><a href=\"javascript:change_person(0, `Kuyavia-Pomerania:`)\" title=\"Kuyavia-Pomerania\">Kuyavia-Pomerania<\/a><\/li><li id=\"w3\"><a href=\"javascript:change_person(0, `Lublin:`)\" title=\"Lublin\">Lublin<\/a><\/li><li id=\"w4\"><a href=\"javascript:change_person(1, `Lubusz:`)\" title=\"Lubusz\">Lubusz<\/a><\/li><li id=\"w5\"><a href=\"javascript:change_person(0, `\u0141\u00f3d\u017a:`)\" title=\"\u0141\u00f3d\u017a\">\u0141\u00f3d\u017a<\/a><\/li><li id=\"w6\"><a href=\"javascript:change_person(1, `Lesser Poland:`)\" title=\"Lesser Poland\">Lesser Poland<\/a><\/li><li id=\"w7\"><a href=\"javascript:change_person(0, `Masovia:`)\" title=\"Masovia\">Masovia<\/a><\/li><li id=\"w8\"><a href=\"javascript:change_person(1, `Opole:`)\" title=\"Opole\">Opole<\/a><\/li><li id=\"w9\"><a href=\"javascript:change_person(0, `Subcarpathia:`)\" title=\"Subcarpathia\">Subcarpathia<\/a><\/li><li id=\"w10\"><a href=\"javascript:change_person(0, `Podlaskie:`)\" title=\"Podlaskie\">Podlaskie<\/a><\/li><li id=\"w11\"><a href=\"javascript:change_person(0, `Pomerania:`)\" title=\"Pomerania\">Pomerania<\/a><\/li><li id=\"w12\"><a href=\"javascript:change_person(1, `Silesia:`)\" title=\"Silesia\">Silesia<\/a><\/li><li id=\"w13\"><a href=\"javascript:change_person(1, `Holy Cross Province:`)\" title=\"Holy Cross Province\">Holy Cross Province<\/a><\/li><li id=\"w14\"><a href=\"javascript:change_person(0, `Warmia-Masuria:`)\" title=\"Warmia-Masuria\">Warmia-Masuria<\/a><\/li><li id=\"w15\"><a href=\"javascript:change_person(1, `Greater Poland:`)\" title=\"Greater Poland\">Greater Poland<\/a><\/li><li id=\"w16\"><a href=\"javascript:change_person(1, `West Pomerania:`)\" title=\"West Pomerania\">West Pomerania<\/a><\/li><\/ul><\/div><\/code><\/p>\n<\/div><\/section><\/p><\/div>\n<div class=\"flex_column av_one_half  flex_column_div   avia-builder-el-8  el_after_av_one_half  el_before_av_hr   column-top-margin\" style='border-radius:0px; '><p><div style='padding-bottom:10px; margin:0 0 0 0; ' class='av-special-heading av-special-heading-h3    avia-builder-el-9  el_before_av_textblock  avia-builder-el-first   '><h3 class='av-special-heading-tag '  itemprop=\"headline\"  >Contact details<\/h3><div class='special-heading-border'><div class='special-heading-inner-border' ><\/div><\/div><\/div><br \/>\n<section class=\"av_textblock_section \"  itemscope=\"itemscope\" itemtype=\"https:\/\/schema.org\/CreativeWork\" ><div class='avia_textblock  '  style='font-size:16px; '  itemprop=\"text\" ><p>AvesNature &#8211; Environmental Research and Survey Office<br class=\"avia-permanent-lb\" \/>ul. Wary\u0144skiego 153, 86-300 Grudzi\u0105dz <br class=\"avia-permanent-lb\" \/>NIP 876 231 71 59<\/p>\n<\/div><\/section><br \/>\n<div style='padding-bottom:10px; ' class='av-special-heading av-special-heading-h3    avia-builder-el-11  el_after_av_textblock  el_before_av_textblock   '><h3 class='av-special-heading-tag '  itemprop=\"headline\"  >Write us<\/h3><div class='special-heading-border'><div class='special-heading-inner-border' ><\/div><\/div><\/div><br \/>\n<section class=\"av_textblock_section \"  itemscope=\"itemscope\" itemtype=\"https:\/\/schema.org\/CreativeWork\" ><div class='avia_textblock  '   itemprop=\"text\" >\n<div class=\"wpcf7 no-js\" id=\"wpcf7-f7813-o1\" lang=\"pl-PL\" dir=\"ltr\" data-wpcf7-id=\"7813\">\n<div class=\"screen-reader-response\"><p role=\"status\" aria-live=\"polite\" aria-atomic=\"true\"><\/p> <ul><\/ul><\/div>\n<form action=\"\/en\/wp-json\/wp\/v2\/pages\/6670#wpcf7-f7813-o1\" method=\"post\" class=\"wpcf7-form init cf7-style cf7-style-2829\" aria-label=\"Formularz kontaktowy\" novalidate=\"novalidate\" data-status=\"init\">\n<fieldset class=\"hidden-fields-container\"><input type=\"hidden\" name=\"_wpcf7\" value=\"7813\" \/><input type=\"hidden\" name=\"_wpcf7_version\" value=\"6.1.5\" \/><input type=\"hidden\" name=\"_wpcf7_locale\" value=\"pl_PL\" \/><input type=\"hidden\" name=\"_wpcf7_unit_tag\" value=\"wpcf7-f7813-o1\" \/><input type=\"hidden\" name=\"_wpcf7_container_post\" value=\"0\" \/><input type=\"hidden\" name=\"_wpcf7_posted_data_hash\" value=\"\" \/><input type=\"hidden\" name=\"_wpcf7_recaptcha_response\" value=\"\" \/>\n<\/fieldset>\n<div style=\"float: left; width: 100%; font-size: 14px;\">\n\t<p><span class=\"wpcf7-form-control-wrap\" data-name=\"your-name\"><input size=\"40\" maxlength=\"400\" class=\"wpcf7-form-control wpcf7-text wpcf7-validates-as-required\" aria-required=\"true\" aria-invalid=\"false\" placeholder=\"First name and surname\" value=\"\" type=\"text\" name=\"your-name\" \/><\/span>\n\t<\/p>\n<\/div>\n<div style=\"width: calc(50% - 6px); font-size: 14px; float: left; margin-right: 12px; margin-top: -8px;\">\n\t<p><span class=\"wpcf7-form-control-wrap\" data-name=\"tel-893\"><input size=\"40\" maxlength=\"400\" class=\"wpcf7-form-control wpcf7-tel wpcf7-validates-as-required wpcf7-text wpcf7-validates-as-tel\" aria-required=\"true\" aria-invalid=\"false\" placeholder=\"Phone Number\" value=\"\" type=\"tel\" name=\"tel-893\" \/><\/span>\n\t<\/p>\n<\/div>\n<div style=\"width: calc(50% - 6px); font-size: 14px; float: left; margin-top: 2px;\"<span class=\"wpcf7-form-control-wrap\" data-name=\"your-email\"><input size=\"40\" maxlength=\"400\" class=\"wpcf7-form-control wpcf7-email wpcf7-validates-as-required wpcf7-text wpcf7-validates-as-email\" aria-required=\"true\" aria-invalid=\"false\" placeholder=\"E-mail\" value=\"\" type=\"email\" name=\"your-email\" \/><\/span>\n<\/div>\n<div style=\"margin-top: -8px; float: left; width: 100%; font-size: 14px;\">\n\t<p><span class=\"wpcf7-form-control-wrap\" data-name=\"textarea-402\"><textarea cols=\"40\" rows=\"10\" maxlength=\"2000\" class=\"wpcf7-form-control wpcf7-textarea wpcf7-validates-as-required\" aria-required=\"true\" aria-invalid=\"false\" placeholder=\"Message\" name=\"textarea-402\"><\/textarea><\/span>\n\t<\/p>\n<\/div>\n<p><span class=\"wpcf7-form-control-wrap\" data-name=\"acceptance-252\"><span class=\"wpcf7-form-control wpcf7-acceptance\"><span class=\"wpcf7-list-item\"><label><input type=\"checkbox\" name=\"acceptance-252\" value=\"1\" aria-invalid=\"false\" \/><span class=\"wpcf7-list-item-label\">I agree to AvesNature processing my personal data provided above for direct marketing purposes in accordance with the PRIVACY POLICY.<\/span><\/label><\/span><\/span><\/span>\n<\/p>\n<p><input class=\"wpcf7-form-control wpcf7-submit has-spinner\" type=\"submit\" value=\"SEND MESSAGE\" \/>\n<\/p><div class=\"wpcf7-response-output\" aria-hidden=\"true\"><\/div>\n<\/form>\n<\/div>\n\n<\/div><\/section><\/p><\/div><div style='height:100px' class='hr hr-invisible   avia-builder-el-13  el_after_av_one_half  el_before_av_one_full  '><span class='hr-inner ' ><span class='hr-inner-style'><\/span><\/span><\/div><\/p>\n<div class=\"flex_column av_one_full  flex_column_div av-zero-column-padding first  avia-builder-el-14  el_after_av_hr  avia-builder-el-last  \" style='border-radius:0px; '><\/div>\n","protected":false},"excerpt":{"rendered":"","protected":false},"author":1,"featured_media":0,"parent":0,"menu_order":0,"comment_status":"closed","ping_status":"closed","template":"","meta":{"footnotes":""},"class_list":["post-6670","page","type-page","status-publish","hentry"],"yoast_head":"<!-- This site is optimized with the Yoast SEO Premium plugin v23.6 (Yoast SEO v26.9) - https:\/\/yoast.com\/product\/yoast-seo-premium-wordpress\/ -->\n<title>Contact | AvesNature<\/title>\n<meta name=\"description\" content=\"Are you interested in our offer or a project? Are you looking for a similar solution for your investment? Contact us!\" \/>\n<meta name=\"robots\" content=\"index, follow, max-snippet:-1, max-image-preview:large, max-video-preview:-1\" \/>\n<link rel=\"canonical\" href=\"https:\/\/avesnature.com.pl\/en\/contact\/\" \/>\n<meta property=\"og:locale\" content=\"en_US\" \/>\n<meta property=\"og:type\" content=\"article\" \/>\n<meta property=\"og:title\" content=\"Contact\" \/>\n<meta property=\"og:description\" content=\"Are you interested in our offer or a project? Are you looking for a similar solution for your investment? Contact us!\" \/>\n<meta property=\"og:url\" content=\"https:\/\/avesnature.com.pl\/en\/contact\/\" \/>\n<meta property=\"og:site_name\" content=\"AvesNature\" \/>\n<meta property=\"article:publisher\" content=\"https:\/\/www.facebook.com\/Avesnature-biuro-bada%c5%84-i-ekspertyz-%c5%9brodowiskowych-345281552495651\" \/>\n<meta property=\"article:modified_time\" content=\"2021-08-19T06:27:33+00:00\" \/>\n<meta property=\"og:image\" content=\"https:\/\/avesnature.com.pl\/wp-content\/uploads\/2019\/06\/wpis-drugi.jpg\" \/>\n\t<meta property=\"og:image:width\" content=\"379\" \/>\n\t<meta property=\"og:image:height\" content=\"243\" \/>\n\t<meta property=\"og:image:type\" content=\"image\/jpeg\" \/>\n<meta name=\"twitter:card\" content=\"summary_large_image\" \/>\n<meta name=\"twitter:label1\" content=\"Est. reading time\" \/>\n\t<meta name=\"twitter:data1\" content=\"5 minutes\" \/>\n<!-- \/ Yoast SEO Premium plugin. -->","yoast_head_json":{"title":"Contact | AvesNature","description":"Are you interested in our offer or a project? Are you looking for a similar solution for your investment? Contact us!","robots":{"index":"index","follow":"follow","max-snippet":"max-snippet:-1","max-image-preview":"max-image-preview:large","max-video-preview":"max-video-preview:-1"},"canonical":"https:\/\/avesnature.com.pl\/en\/contact\/","og_locale":"en_US","og_type":"article","og_title":"Contact","og_description":"Are you interested in our offer or a project? Are you looking for a similar solution for your investment? Contact us!","og_url":"https:\/\/avesnature.com.pl\/en\/contact\/","og_site_name":"AvesNature","article_publisher":"https:\/\/www.facebook.com\/Avesnature-biuro-bada%c5%84-i-ekspertyz-%c5%9brodowiskowych-345281552495651","article_modified_time":"2021-08-19T06:27:33+00:00","og_image":[{"width":379,"height":243,"url":"https:\/\/avesnature.com.pl\/wp-content\/uploads\/2019\/06\/wpis-drugi.jpg","type":"image\/jpeg"}],"twitter_card":"summary_large_image","twitter_misc":{"Est. reading time":"5 minutes"},"schema":{"@context":"https:\/\/schema.org","@graph":[{"@type":"WebPage","@id":"https:\/\/avesnature.com.pl\/en\/contact\/","url":"https:\/\/avesnature.com.pl\/en\/contact\/","name":"Contact | AvesNature","isPartOf":{"@id":"https:\/\/avesnature.com.pl\/#website"},"datePublished":"2021-06-24T15:23:23+00:00","dateModified":"2021-08-19T06:27:33+00:00","description":"Are you interested in our offer or a project? Are you looking for a similar solution for your investment? Contact us!","breadcrumb":{"@id":"https:\/\/avesnature.com.pl\/en\/contact\/#breadcrumb"},"inLanguage":"en-US","potentialAction":[{"@type":"ReadAction","target":["https:\/\/avesnature.com.pl\/en\/contact\/"]}]},{"@type":"BreadcrumbList","@id":"https:\/\/avesnature.com.pl\/en\/contact\/#breadcrumb","itemListElement":[{"@type":"ListItem","position":1,"name":"Home","item":"https:\/\/avesnature.com.pl\/en\/strona-glowna\/"},{"@type":"ListItem","position":2,"name":"Contact"}]},{"@type":"WebSite","@id":"https:\/\/avesnature.com.pl\/#website","url":"https:\/\/avesnature.com.pl\/","name":"AvesNature","description":"","publisher":{"@id":"https:\/\/avesnature.com.pl\/#organization"},"potentialAction":[{"@type":"SearchAction","target":{"@type":"EntryPoint","urlTemplate":"https:\/\/avesnature.com.pl\/?s={search_term_string}"},"query-input":{"@type":"PropertyValueSpecification","valueRequired":true,"valueName":"search_term_string"}}],"inLanguage":"en-US"},{"@type":"Organization","@id":"https:\/\/avesnature.com.pl\/#organization","name":"AvesNature","url":"https:\/\/avesnature.com.pl\/","logo":{"@type":"ImageObject","inLanguage":"en-US","@id":"https:\/\/avesnature.com.pl\/#\/schema\/logo\/image\/","url":"https:\/\/avesnature.com.pl\/wp-content\/uploads\/logo-avesnature.jpg","contentUrl":"https:\/\/avesnature.com.pl\/wp-content\/uploads\/logo-avesnature.jpg","width":134,"height":84,"caption":"AvesNature"},"image":{"@id":"https:\/\/avesnature.com.pl\/#\/schema\/logo\/image\/"},"sameAs":["https:\/\/www.facebook.com\/Avesnature-biuro-bada\u0144-i-ekspertyz-\u015brodowiskowych-345281552495651"]}]}},"_links":{"self":[{"href":"https:\/\/avesnature.com.pl\/en\/wp-json\/wp\/v2\/pages\/6670","targetHints":{"allow":["GET"]}}],"collection":[{"href":"https:\/\/avesnature.com.pl\/en\/wp-json\/wp\/v2\/pages"}],"about":[{"href":"https:\/\/avesnature.com.pl\/en\/wp-json\/wp\/v2\/types\/page"}],"author":[{"embeddable":true,"href":"https:\/\/avesnature.com.pl\/en\/wp-json\/wp\/v2\/users\/1"}],"replies":[{"embeddable":true,"href":"https:\/\/avesnature.com.pl\/en\/wp-json\/wp\/v2\/comments?post=6670"}],"version-history":[{"count":10,"href":"https:\/\/avesnature.com.pl\/en\/wp-json\/wp\/v2\/pages\/6670\/revisions"}],"predecessor-version":[{"id":7946,"href":"https:\/\/avesnature.com.pl\/en\/wp-json\/wp\/v2\/pages\/6670\/revisions\/7946"}],"wp:attachment":[{"href":"https:\/\/avesnature.com.pl\/en\/wp-json\/wp\/v2\/media?parent=6670"}],"curies":[{"name":"wp","href":"https:\/\/api.w.org\/{rel}","templated":true}]}}